{"id":882,"date":"2015-02-27T16:25:10","date_gmt":"2015-02-27T13:25:10","guid":{"rendered":"http:\/\/www.virumaapuhastus.ee\/?page_id=882"},"modified":"2015-02-27T16:56:30","modified_gmt":"2015-02-27T13:56:30","slug":"vaipade-vastuvotu-tingimused","status":"publish","type":"page","link":"http:\/\/www.virumaapuhastus.ee\/?page_id=882","title":{"rendered":"Vaipade vastuv\u00f5tu tingimused"},"content":{"rendered":"<ol>\n<li>\n<p style=\"margin-bottom: 0cm;\"><span style=\"font-size: 11pt; font-family: Arial, sans-serif;\">Vaipade \tpuhastamine toimub vastavalt hooldusm\u00e4rgisele. Hooldusm\u00e4rgise \tpuudumisel valib puhastusmeetodi teenuse osutaja, v\u00f5ttes arvesse \tasjatundlikku praktikat. Hooldusm\u00e4rgise puudumisel v\u00f5ib teenuse \tosutaja arvestada kliendi soovi ja temaga konsulteerida, kuid ei \tvastuta puhastamise kvaliteedi eest.<\/span><\/p>\n<\/li>\n<li>\n<p style=\"margin-bottom: 0cm;\"><span style=\"font-family: Arial, sans-serif;\"><span style=\"font-size: 11pt;\">Vaipadel \tolevate vanade tundmatut p\u00e4ritolu plekkide ja ebameeldiva l\u00f5hna \t(s.h. koduloomade eritised) t\u00e4ieliku eemaldumist puhastamise k\u00e4igus \tteenuse osutaja ei garanteeri. Uriini ja koduloomade l\u00f5hn v\u00f5ib \tpuhastamise k\u00e4igus v\u00f5imenduda.<\/span><\/span><\/p>\n<\/li>\n<li>\n<p style=\"margin-bottom: 0cm;\"><span style=\"font-family: Arial, sans-serif;\"><span style=\"font-size: 11pt;\">Peale \tpuhastamist v\u00f5ivad vaipadel esile tulla varjatud defekte, mis olid \tvastuv\u00f5tmisel m\u00e4\u00e4rdunud vaibal raskesti m\u00e4rgatavad.<\/span><\/span><\/p>\n<\/li>\n<li>\n<p style=\"margin-bottom: 0cm;\"><span style=\"font-family: Arial, sans-serif;\"><span style=\"font-size: 11pt;\">Kui \tvaipa on eelnevalt kliendi poolt puhastatud, ei vastuta teenuse \tosutaja puhastuse kvaliteedi eest.<\/span><\/span><\/p>\n<\/li>\n<li>\n<p style=\"margin-bottom: 0cm;\"><span style=\"font-family: Arial, sans-serif;\"><span style=\"font-size: 11pt;\">Peale \tpuhastamist v\u00f5ivad vaibal v\u00e4lja ilmuda plekid, mida  m\u00e4\u00e4rdunud \tvaibal n\u00e4ha ei olnud.<\/span><\/span><\/p>\n<\/li>\n<li>\n<p style=\"margin-bottom: 0cm;\"><span style=\"font-family: Arial, sans-serif;\"><span style=\"font-size: 11pt;\">Hallitusplekkidega \tvaipade puhul teenuse osutaja nende eemaldumist ei garanteeri.<\/span><\/span><\/p>\n<\/li>\n<li>\n<p style=\"margin-bottom: 0cm;\"><span style=\"font-family: Arial, sans-serif;\"><span style=\"font-size: 11pt;\">Vaipade \totstes olevad  narmad v\u00f5ivad j\u00e4\u00e4da hallikaks v\u00f5i kollakaks, vaip \tise v\u00f5ib anda narmastesse v\u00e4rvi.<\/span><\/span><\/p>\n<\/li>\n<li>\n<p style=\"margin-bottom: 0cm;\"><span style=\"font-family: Arial, sans-serif;\"><span style=\"font-size: 11pt;\">Pika \tnarmaga vaipadel k\u00f5ike narmastikus olevat mustust k\u00e4tte saada ei \tole v\u00f5imalik.<\/span><\/span><\/p>\n<\/li>\n<li>\n<p style=\"margin-bottom: 0cm;\"><span style=\"font-family: Arial, sans-serif;\"><span style=\"font-size: 11pt;\">Kui \tliimitud p\u00f5hjaga vaip on saanud niiskust, siis v\u00f5ib p\u00f5hjaliim \tlahustuda ja j\u00e4tta vaiba pinnale pleki.<\/span><\/span><\/p>\n<\/li>\n<li>\n<p style=\"margin-bottom: 0cm;\"><span style=\"font-family: Arial, sans-serif;\"><span style=\"font-size: 11pt;\">Heledatel \tvaipadel kollakad plekid ei pruugi eemalduda.<\/span><\/span><\/p>\n<\/li>\n<li>\n<p style=\"margin-bottom: 0cm;\"><span style=\"font-family: Arial, sans-serif;\"><span style=\"font-size: 11pt;\">Enne \tpuhastusse toomist peab vaibalt olema eemaldatud olmepr\u00fcgi ja \tkoduloomade karvad.<\/span><\/span><\/p>\n<\/li>\n<li>\n<p style=\"margin-bottom: 0cm;\"><span style=\"font-family: Arial, sans-serif;\"><span style=\"font-size: 11pt;\">Vanadel \tliimitud p\u00f5hjaga vaipadel v\u00f5ib esineda p\u00f5hjaliimi pudenemine.<\/span><\/span><\/p>\n<\/li>\n<\/ol>\n","protected":false},"excerpt":{"rendered":"<p>Vaipade puhastamine toimub vastavalt hooldusm\u00e4rgisele. Hooldusm\u00e4rgise puudumisel valib puhastusmeetodi teenuse osutaja, v\u00f5ttes arvesse asjatundlikku praktikat. Hooldusm\u00e4rgise puudumisel v\u00f5ib teenuse osutaja arvestada kliendi soovi ja temaga konsulteerida, kuid ei vastuta puhastamise kvaliteedi eest. Vaipadel olevate vanade tundmatut p\u00e4ritolu plekkide ja ebameeldiva l\u00f5hna (s.h. koduloomade eritised) t\u00e4ieliku eemaldumist puhastamise k\u00e4igus teenuse osutaja ei garanteeri. Uriini ja koduloomade [&hellip;]<\/p>\n","protected":false},"author":1,"featured_media":0,"parent":103,"menu_order":0,"comment_status":"closed","ping_status":"open","template":"","meta":[],"_links":{"self":[{"href":"http:\/\/www.virumaapuhastus.ee\/index.php?rest_route=\/wp\/v2\/pages\/882"}],"collection":[{"href":"http:\/\/www.virumaapuhastus.ee\/index.php?rest_route=\/wp\/v2\/pages"}],"about":[{"href":"http:\/\/www.virumaapuhastus.ee\/index.php?rest_route=\/wp\/v2\/types\/page"}],"author":[{"embeddable":true,"href":"http:\/\/www.virumaapuhastus.ee\/index.php?rest_route=\/wp\/v2\/users\/1"}],"replies":[{"embeddable":true,"href":"http:\/\/www.virumaapuhastus.ee\/index.php?rest_route=%2Fwp%2Fv2%2Fcomments&post=882"}],"version-history":[{"count":25,"href":"http:\/\/www.virumaapuhastus.ee\/index.php?rest_route=\/wp\/v2\/pages\/882\/revisions"}],"predecessor-version":[{"id":910,"href":"http:\/\/www.virumaapuhastus.ee\/index.php?rest_route=\/wp\/v2\/pages\/882\/revisions\/910"}],"up":[{"embeddable":true,"href":"http:\/\/www.virumaapuhastus.ee\/index.php?rest_route=\/wp\/v2\/pages\/103"}],"wp:attachment":[{"href":"http:\/\/www.virumaapuhastus.ee\/index.php?rest_route=%2Fwp%2Fv2%2Fmedia&parent=882"}],"curies":[{"name":"wp","href":"https:\/\/api.w.org\/{rel}","templated":true}]}}