{"id":66,"date":"2009-10-22T20:47:07","date_gmt":"2009-10-22T17:47:07","guid":{"rendered":"http:\/\/virumaapuhastus.sussik.dyndns.org\/?page_id=66"},"modified":"2011-09-21T13:58:05","modified_gmt":"2011-09-21T10:58:05","slug":"products-page","status":"publish","type":"page","link":"http:\/\/www.virumaapuhastus.ee\/?page_id=66","title":{"rendered":"Tooted"},"content":{"rendered":"<p>Pakume puhastusaineid ja &#8211; tarvikuid ning h\u00fcgieenitarbeid, tegutseme kvaliteetsete ja tunnustatud kaubam\u00e4rkide s\u00f5ltumatu edasim\u00fc\u00fcjana. Aitame <strong>Teil<\/strong> leida parimad lahendused ja kliendis\u00f5braliku hinnatasemega tooted.<\/p>\n<p><span style=\"text-decoration: underline;\"><strong>Tootevalik:<\/strong><\/span><\/p>\n<p>* <strong>H\u00fcgieenitarbed<\/strong> \u2013 k\u00e4tekuivatuspaberid, tualettpaberid, vedelseebid, desoseebid, \u00f5huv\u00e4rskendajad, k\u00e4te desod, kummikindad, toodete dosaatorid jne.<\/p>\n<p><strong>* Koristustarvikud <\/strong>\u2013 mikrokiudlapid, klaasilinad, \u00f5lilapid, k\u00fc\u00fcrimisk\u00e4snad, mopid ja nende raamid, varred, klaasipesutarvikud, p\u00f5randapesutarvikud, harjad, k\u00fchvlid jne.<\/p>\n<p><strong>* Puhastusained<\/strong> \u2013 kvaliteetsed puhastusained k\u00f5ikidele pindadele ja eri t\u00fc\u00fcpi mustuse eemaldamiseks, alates klaasipesuvahenditest l\u00f5petades pinnakaitsevahenditega.<\/p>\n<p><strong>* Lisaks<\/strong> \u2013 n\u00f5udepesuvahendid, pesupulbrid, pesuloputusvahendid jne.<\/p>\n<p>Meie <strong><em>eelistame kodumaiseid tooteid, eelista ka<\/em> Sin<\/strong>a ja tule tutvu tootevalikuga meie teeninduspunktides v\u00f5i v\u00f5ta meiega \u00fchendust.<\/p>\n<p>T\u00e4psemalt puhastusainetest ja puhastustarvikutest vasakpoolsest alammen\u00fc\u00fcst.<\/p>\n","protected":false},"excerpt":{"rendered":"<p>Pakume puhastusaineid ja &#8211; tarvikuid ning h\u00fcgieenitarbeid, tegutseme kvaliteetsete ja tunnustatud kaubam\u00e4rkide s\u00f5ltumatu edasim\u00fc\u00fcjana. Aitame Teil leida parimad lahendused ja kliendis\u00f5braliku hinnatasemega tooted. Tootevalik: * H\u00fcgieenitarbed \u2013 k\u00e4tekuivatuspaberid, tualettpaberid, vedelseebid, desoseebid, \u00f5huv\u00e4rskendajad, k\u00e4te desod, kummikindad, toodete dosaatorid jne. * Koristustarvikud \u2013 mikrokiudlapid, klaasilinad, \u00f5lilapid, k\u00fc\u00fcrimisk\u00e4snad, mopid ja nende raamid, varred, klaasipesutarvikud, p\u00f5randapesutarvikud, harjad, k\u00fchvlid jne. [&hellip;]<\/p>\n","protected":false},"author":1,"featured_media":0,"parent":0,"menu_order":3,"comment_status":"closed","ping_status":"closed","template":"","meta":[],"_links":{"self":[{"href":"http:\/\/www.virumaapuhastus.ee\/index.php?rest_route=\/wp\/v2\/pages\/66"}],"collection":[{"href":"http:\/\/www.virumaapuhastus.ee\/index.php?rest_route=\/wp\/v2\/pages"}],"about":[{"href":"http:\/\/www.virumaapuhastus.ee\/index.php?rest_route=\/wp\/v2\/types\/page"}],"author":[{"embeddable":true,"href":"http:\/\/www.virumaapuhastus.ee\/index.php?rest_route=\/wp\/v2\/users\/1"}],"replies":[{"embeddable":true,"href":"http:\/\/www.virumaapuhastus.ee\/index.php?rest_route=%2Fwp%2Fv2%2Fcomments&post=66"}],"version-history":[{"count":24,"href":"http:\/\/www.virumaapuhastus.ee\/index.php?rest_route=\/wp\/v2\/pages\/66\/revisions"}],"predecessor-version":[{"id":133,"href":"http:\/\/www.virumaapuhastus.ee\/index.php?rest_route=\/wp\/v2\/pages\/66\/revisions\/133"}],"wp:attachment":[{"href":"http:\/\/www.virumaapuhastus.ee\/index.php?rest_route=%2Fwp%2Fv2%2Fmedia&parent=66"}],"curies":[{"name":"wp","href":"https:\/\/api.w.org\/{rel}","templated":true}]}}