{"id":6,"date":"2009-10-22T17:57:58","date_gmt":"2009-10-22T14:57:58","guid":{"rendered":"http:\/\/virumaapuhastus.sussik.dyndns.org\/?page_id=6"},"modified":"2015-11-18T18:06:14","modified_gmt":"2015-11-18T15:06:14","slug":"teenused","status":"publish","type":"page","link":"http:\/\/www.virumaapuhastus.ee\/?page_id=6","title":{"rendered":"Teenused"},"content":{"rendered":"<p><strong><em>Keemiline puhastus<\/em><\/strong> \u2013 (kuivpuhastus) on m\u00f5eldud tekstiilidele, mida on kodustes tingimustes raske pesta v\u00f5i mis ei talu vesipesu.<\/p>\n<p><strong><em>Pesumaja<\/em><\/strong> \u2013 pesu pesemine, kuivatamine, triikimine ja transport.<\/p>\n<p><strong><em>Hoolduspuhastus<\/em><\/strong> \u2013 igap\u00e4evaselt siseruumides ja v\u00e4ljas teostatavad puhastust\u00f6\u00f6d.<\/p>\n<p><strong><em>Erit\u00f6\u00f6d<\/em><\/strong> \u2013 Erinevate pinnakatete ja objektide puhastamine ja kaitsmine.<\/p>\n<p>&#8211; Akende ja muude klaaspindade pesu<\/p>\n<p>-Fassaadide pesu, monumentide ja hauaplaatide puhastamine, kivikatuste pesu.<\/p>\n<p>&#8211; Vihmaveerennide puhastamine.<\/p>\n<p><strong><em>N\u00f5ustamine<\/em><\/strong> \u2013 anname n\u00f5u sobivate t\u00f6\u00f6vahendite, puhastusainete ja h\u00fcgieenitarvikute hankimisel.<\/p>\n<p><em><strong>Vasakpoolsest alammen\u00fc\u00fcst leiate meie pakutavate teenuste kohta t\u00e4psema informatsiooni. <\/strong><\/em><\/p>\n","protected":false},"excerpt":{"rendered":"<p>Keemiline puhastus \u2013 (kuivpuhastus) on m\u00f5eldud tekstiilidele, mida on kodustes tingimustes raske pesta v\u00f5i mis ei talu vesipesu. Pesumaja \u2013 pesu pesemine, kuivatamine, triikimine ja transport. Hoolduspuhastus \u2013 igap\u00e4evaselt siseruumides ja v\u00e4ljas teostatavad puhastust\u00f6\u00f6d. Erit\u00f6\u00f6d \u2013 Erinevate pinnakatete ja objektide puhastamine ja kaitsmine. &#8211; Akende ja muude klaaspindade pesu -Fassaadide pesu, monumentide ja hauaplaatide puhastamine, [&hellip;]<\/p>\n","protected":false},"author":1,"featured_media":0,"parent":0,"menu_order":2,"comment_status":"closed","ping_status":"closed","template":"","meta":[],"_links":{"self":[{"href":"http:\/\/www.virumaapuhastus.ee\/index.php?rest_route=\/wp\/v2\/pages\/6"}],"collection":[{"href":"http:\/\/www.virumaapuhastus.ee\/index.php?rest_route=\/wp\/v2\/pages"}],"about":[{"href":"http:\/\/www.virumaapuhastus.ee\/index.php?rest_route=\/wp\/v2\/types\/page"}],"author":[{"embeddable":true,"href":"http:\/\/www.virumaapuhastus.ee\/index.php?rest_route=\/wp\/v2\/users\/1"}],"replies":[{"embeddable":true,"href":"http:\/\/www.virumaapuhastus.ee\/index.php?rest_route=%2Fwp%2Fv2%2Fcomments&post=6"}],"version-history":[{"count":20,"href":"http:\/\/www.virumaapuhastus.ee\/index.php?rest_route=\/wp\/v2\/pages\/6\/revisions"}],"predecessor-version":[{"id":324,"href":"http:\/\/www.virumaapuhastus.ee\/index.php?rest_route=\/wp\/v2\/pages\/6\/revisions\/324"}],"wp:attachment":[{"href":"http:\/\/www.virumaapuhastus.ee\/index.php?rest_route=%2Fwp%2Fv2%2Fmedia&parent=6"}],"curies":[{"name":"wp","href":"https:\/\/api.w.org\/{rel}","templated":true}]}}