{"id":345,"date":"2011-09-19T21:11:27","date_gmt":"2011-09-19T18:11:27","guid":{"rendered":"http:\/\/www.virumaapuhastus.ee\/?page_id=345"},"modified":"2015-11-19T17:41:23","modified_gmt":"2015-11-19T14:41:23","slug":"kasulik-teada","status":"publish","type":"page","link":"http:\/\/www.virumaapuhastus.ee\/?page_id=345","title":{"rendered":"Kasulik teada"},"content":{"rendered":"<p>* Mida varem plekke eemaldada, seda kergem see on.<\/p>\n<p>* V\u00e4rvilistel v\u00f5i vastuv\u00f5tlikel kangastel proovige plekieemaldusvahendit alati enne toote v\u00e4hen\u00e4htaval kohal, et teha kindlaks, kas antud r\u00f5ivaese kannatab konkreetset plekieemaldusvahendit v\u00f5i mitte.<\/p>\n<p>* Eelistage alati pehmet plekkide eemaldamise vahendit ja \u00e4rge valige koheselt k\u00f5ige tugevamatoimelisemaid vahendeid.<\/p>\n<p>* Kui Te kuivatate puhastatud koha kiiresti, siis v\u00e4ldite kuivamis\u00e4\u00e4rte tekkimist.<\/p>\n<p>* Kasutage alati v\u00f5imalikult v\u00e4he plekieemaldusvahendit ja \u00e4rge h\u00f5\u00f5ruge kangast enne pleki t\u00e4ielikku eemaldumist.<\/p>\n<p>* Rasva- ja \u00f5liplekid tuleb p\u00f5hjalikult eemaldada, vastasel juhul hakkavad nad r\u00f5ivast l\u00e4bi kumama.<\/p>\n<p>* Peale plekkide eemaldamist tugevatoimeliste ainetega tuleb toode p\u00f5hjalikult puhta veega l\u00e4bi loputada.<\/p>\n<p>* J\u00e4lgige kindlasti antud toote etiketti. Plekki saab ka ettevaatlikult sobiva vahendiga tupsutades eemaldada.<\/p>\n<p><a title=\"Hooldusm\u00e4rgid\" href=\"http:\/\/www.virumaapuhastus.ee\/wp-content\/uploads\/2009\/12\/Hooldusmargid.pdf\" target=\"_blank\">Siit leiate pesu t\u00f6\u00f6tlemise tingm\u00e4rgid ja seletused.<\/a><\/p>\n","protected":false},"excerpt":{"rendered":"<p>* Mida varem plekke eemaldada, seda kergem see on. * V\u00e4rvilistel v\u00f5i vastuv\u00f5tlikel kangastel proovige plekieemaldusvahendit alati enne toote v\u00e4hen\u00e4htaval kohal, et teha kindlaks, kas antud r\u00f5ivaese kannatab konkreetset plekieemaldusvahendit v\u00f5i mitte. * Eelistage alati pehmet plekkide eemaldamise vahendit ja \u00e4rge valige koheselt k\u00f5ige tugevamatoimelisemaid vahendeid. * Kui Te kuivatate puhastatud koha kiiresti, siis v\u00e4ldite [&hellip;]<\/p>\n","protected":false},"author":1,"featured_media":0,"parent":973,"menu_order":0,"comment_status":"closed","ping_status":"open","template":"","meta":[],"_links":{"self":[{"href":"http:\/\/www.virumaapuhastus.ee\/index.php?rest_route=\/wp\/v2\/pages\/345"}],"collection":[{"href":"http:\/\/www.virumaapuhastus.ee\/index.php?rest_route=\/wp\/v2\/pages"}],"about":[{"href":"http:\/\/www.virumaapuhastus.ee\/index.php?rest_route=\/wp\/v2\/types\/page"}],"author":[{"embeddable":true,"href":"http:\/\/www.virumaapuhastus.ee\/index.php?rest_route=\/wp\/v2\/users\/1"}],"replies":[{"embeddable":true,"href":"http:\/\/www.virumaapuhastus.ee\/index.php?rest_route=%2Fwp%2Fv2%2Fcomments&post=345"}],"version-history":[{"count":7,"href":"http:\/\/www.virumaapuhastus.ee\/index.php?rest_route=\/wp\/v2\/pages\/345\/revisions"}],"predecessor-version":[{"id":357,"href":"http:\/\/www.virumaapuhastus.ee\/index.php?rest_route=\/wp\/v2\/pages\/345\/revisions\/357"}],"up":[{"embeddable":true,"href":"http:\/\/www.virumaapuhastus.ee\/index.php?rest_route=\/wp\/v2\/pages\/973"}],"wp:attachment":[{"href":"http:\/\/www.virumaapuhastus.ee\/index.php?rest_route=%2Fwp%2Fv2%2Fmedia&parent=345"}],"curies":[{"name":"wp","href":"https:\/\/api.w.org\/{rel}","templated":true}]}}