{"id":342,"date":"2011-09-19T21:07:49","date_gmt":"2011-09-19T18:07:49","guid":{"rendered":"http:\/\/www.virumaapuhastus.ee\/?page_id=342"},"modified":"2019-12-29T18:54:18","modified_gmt":"2019-12-29T15:54:18","slug":"puhastustarvikud","status":"publish","type":"page","link":"http:\/\/www.virumaapuhastus.ee\/?page_id=342","title":{"rendered":"Puhastustarvikud"},"content":{"rendered":"<p><a href=\"http:\/\/www.virumaapuhastus.ee\/wp-content\/uploads\/2011\/09\/rent1.jpg\"><img decoding=\"async\" loading=\"lazy\" class=\"alignleft size-thumbnail wp-image-393\" title=\"rent\" src=\"http:\/\/www.virumaapuhastus.ee\/wp-content\/uploads\/2011\/09\/rent1-150x150.jpg\" alt=\"rent\" width=\"150\" height=\"150\" \/><\/a><\/p>\n<p>K\u00f5ik saab alguse pisiasjadest \u2013 t\u00e4nap\u00e4eva puhastusteenindus on p\u00f5hjalikku v\u00e4lja\u00f5pet n\u00f5udev ala. Olgu need sise- v\u00f5i v\u00e4lipuhastust\u00f6\u00f6d v\u00f5i erit\u00f6\u00f6d (nt.ehitusj\u00e4rgne koristus) &#8211; meie puhastusteenindajad on oma ala asjatundjad, kes teavad k\u00f5ike erinevatest pinnakattematerjalidest, puhastusvahenditest ning spetsiaalsetest t\u00f6\u00f6v\u00f5tetest.<\/p>\n<p>Teeme koost\u00f6\u00f6d tunnustatud maaletoojate ja tootjatega, kuid oleme s\u00f5ltumatud edasim\u00fc\u00fcjad. Seet\u00f5ttu pakume vaid selliseid tooteid, mille headuses oleme ka ise veendunud ja mis on meie poolt testitud.<\/p>\n<p><strong>Meie puhastarvikute tootevalikust leiate j\u00e4rgnevad tootegrupid: <\/strong><\/p>\n<p>* puhastuslapid (tolmu-, n\u00f5udepesu-, k\u00e4sna-, p\u00f5randa-, mikrokiudlapid, klaasi-ja \u00f5lilinad jne)<\/p>\n<p>* mopid (haakuv- ja mikromopid erinevatele pindadele, mopiraamid)<\/p>\n<p>* aknapesurid, kuivatuskummid ja aknakuivatajad;<\/p>\n<p>* paberid ja dosaatorid (k\u00e4tekuivatuseks, tualetti, t\u00f6\u00f6kotta jne)<\/p>\n<p>* pr\u00fcgikotid (erinevates suurustes)<\/p>\n<p>* k\u00fchvlid, harjad, pesu\u00e4mbrid<\/p>\n<p>* ja palju muud<\/p>\n<p>T\u00e4psema tootevalikuga tutvumiseks k\u00fclasta meie Rakveres \u00d5li tn 3 asuvat teeninduskeskust v\u00f5i v\u00f5ta meiega \u00fchendust meili ja telefoni teel.<\/p>\n<p>M\u00f5elge puhtalt<em> &#8211; <\/em>Teie\u00a0Virumaa Puhastuse kollektiiv.<\/p>\n","protected":false},"excerpt":{"rendered":"<p>K\u00f5ik saab alguse pisiasjadest \u2013 t\u00e4nap\u00e4eva puhastusteenindus on p\u00f5hjalikku v\u00e4lja\u00f5pet n\u00f5udev ala. Olgu need sise- v\u00f5i v\u00e4lipuhastust\u00f6\u00f6d v\u00f5i erit\u00f6\u00f6d (nt.ehitusj\u00e4rgne koristus) &#8211; meie puhastusteenindajad on oma ala asjatundjad, kes teavad k\u00f5ike erinevatest pinnakattematerjalidest, puhastusvahenditest ning spetsiaalsetest t\u00f6\u00f6v\u00f5tetest. Teeme koost\u00f6\u00f6d tunnustatud maaletoojate ja tootjatega, kuid oleme s\u00f5ltumatud edasim\u00fc\u00fcjad. Seet\u00f5ttu pakume vaid selliseid tooteid, mille headuses oleme [&hellip;]<\/p>\n","protected":false},"author":1,"featured_media":0,"parent":66,"menu_order":0,"comment_status":"closed","ping_status":"open","template":"","meta":[],"_links":{"self":[{"href":"http:\/\/www.virumaapuhastus.ee\/index.php?rest_route=\/wp\/v2\/pages\/342"}],"collection":[{"href":"http:\/\/www.virumaapuhastus.ee\/index.php?rest_route=\/wp\/v2\/pages"}],"about":[{"href":"http:\/\/www.virumaapuhastus.ee\/index.php?rest_route=\/wp\/v2\/types\/page"}],"author":[{"embeddable":true,"href":"http:\/\/www.virumaapuhastus.ee\/index.php?rest_route=\/wp\/v2\/users\/1"}],"replies":[{"embeddable":true,"href":"http:\/\/www.virumaapuhastus.ee\/index.php?rest_route=%2Fwp%2Fv2%2Fcomments&post=342"}],"version-history":[{"count":8,"href":"http:\/\/www.virumaapuhastus.ee\/index.php?rest_route=\/wp\/v2\/pages\/342\/revisions"}],"predecessor-version":[{"id":1240,"href":"http:\/\/www.virumaapuhastus.ee\/index.php?rest_route=\/wp\/v2\/pages\/342\/revisions\/1240"}],"up":[{"embeddable":true,"href":"http:\/\/www.virumaapuhastus.ee\/index.php?rest_route=\/wp\/v2\/pages\/66"}],"wp:attachment":[{"href":"http:\/\/www.virumaapuhastus.ee\/index.php?rest_route=%2Fwp%2Fv2%2Fmedia&parent=342"}],"curies":[{"name":"wp","href":"https:\/\/api.w.org\/{rel}","templated":true}]}}