{"id":337,"date":"2011-09-19T21:05:12","date_gmt":"2011-09-19T18:05:12","guid":{"rendered":"http:\/\/www.virumaapuhastus.ee\/?page_id=337"},"modified":"2015-11-20T17:03:10","modified_gmt":"2015-11-20T14:03:10","slug":"pesumaja","status":"publish","type":"page","link":"http:\/\/www.virumaapuhastus.ee\/?page_id=337","title":{"rendered":"Pesumaja"},"content":{"rendered":"<p><a href=\"http:\/\/www.virumaapuhastus.ee\/wp-content\/uploads\/2011\/09\/washing-mach.jpg\"><img decoding=\"async\" loading=\"lazy\" class=\"alignleft size-thumbnail wp-image-387\" title=\"washing mach\" src=\"http:\/\/www.virumaapuhastus.ee\/wp-content\/uploads\/2011\/09\/washing-mach-150x150.jpg\" alt=\"washing mach\" width=\"150\" height=\"150\" \/><\/a>Meil on r\u00f5\u00f5m pakkuda <strong>Teile<\/strong> <em>pesumaja teenuseid:<\/em><\/p>\n<p><strong>* pesu pesemine<\/strong><\/p>\n<p><strong>* kuivatamine<\/strong><\/p>\n<p><strong>* triikimine<\/strong><\/p>\n<p><strong>* transport. <\/strong><\/p>\n<p>Meie pesumaja on varustatud kaasaegsete seadmetega. Kasutame ainult k\u00f5rgekvaliteedilisi ja looduss\u00f5bralikke pesupulbreid ning plekieemaldusvahendeid. Pesu pestakse tunnustatud t\u00f6\u00f6stuskemikaalide tootja KiiltoClean OY toodetega. K\u00f5ik kasutatavad tooted vastavad keskkonnan\u00f5uetele.<\/p>\n<p>O\u00dc\u00a0Virumaa Puhastus\u00a0pakub oma klientidele <em>professionaalset teenindust ja k\u00f5rget kvaliteeti<\/em>. <em><strong><\/strong><\/em><\/p>\n<p><em><strong>Iga kliendi pesu pestakse ja t\u00f6\u00f6deldakse teistest eraldi.<\/strong><\/em><\/p>\n","protected":false},"excerpt":{"rendered":"<p>Meil on r\u00f5\u00f5m pakkuda Teile pesumaja teenuseid: * pesu pesemine * kuivatamine * triikimine * transport. Meie pesumaja on varustatud kaasaegsete seadmetega. Kasutame ainult k\u00f5rgekvaliteedilisi ja looduss\u00f5bralikke pesupulbreid ning plekieemaldusvahendeid. Pesu pestakse tunnustatud t\u00f6\u00f6stuskemikaalide tootja KiiltoClean OY toodetega. K\u00f5ik kasutatavad tooted vastavad keskkonnan\u00f5uetele. O\u00dc\u00a0Virumaa Puhastus\u00a0pakub oma klientidele professionaalset teenindust ja k\u00f5rget kvaliteeti. Iga kliendi pesu [&hellip;]<\/p>\n","protected":false},"author":1,"featured_media":0,"parent":6,"menu_order":1,"comment_status":"closed","ping_status":"open","template":"","meta":[],"_links":{"self":[{"href":"http:\/\/www.virumaapuhastus.ee\/index.php?rest_route=\/wp\/v2\/pages\/337"}],"collection":[{"href":"http:\/\/www.virumaapuhastus.ee\/index.php?rest_route=\/wp\/v2\/pages"}],"about":[{"href":"http:\/\/www.virumaapuhastus.ee\/index.php?rest_route=\/wp\/v2\/types\/page"}],"author":[{"embeddable":true,"href":"http:\/\/www.virumaapuhastus.ee\/index.php?rest_route=\/wp\/v2\/users\/1"}],"replies":[{"embeddable":true,"href":"http:\/\/www.virumaapuhastus.ee\/index.php?rest_route=%2Fwp%2Fv2%2Fcomments&post=337"}],"version-history":[{"count":12,"href":"http:\/\/www.virumaapuhastus.ee\/index.php?rest_route=\/wp\/v2\/pages\/337\/revisions"}],"predecessor-version":[{"id":388,"href":"http:\/\/www.virumaapuhastus.ee\/index.php?rest_route=\/wp\/v2\/pages\/337\/revisions\/388"}],"up":[{"embeddable":true,"href":"http:\/\/www.virumaapuhastus.ee\/index.php?rest_route=\/wp\/v2\/pages\/6"}],"wp:attachment":[{"href":"http:\/\/www.virumaapuhastus.ee\/index.php?rest_route=%2Fwp%2Fv2%2Fmedia&parent=337"}],"curies":[{"name":"wp","href":"https:\/\/api.w.org\/{rel}","templated":true}]}}