{"id":288,"date":"2010-11-10T11:19:39","date_gmt":"2010-11-10T08:19:39","guid":{"rendered":"http:\/\/www.virumaapuhastus.ee\/?page_id=288"},"modified":"2016-02-17T16:56:58","modified_gmt":"2016-02-17T13:56:58","slug":"ventilatsiooni-puhastus","status":"publish","type":"page","link":"http:\/\/www.virumaapuhastus.ee\/?page_id=288","title":{"rendered":"Ventilatsiooni puhastus"},"content":{"rendered":"<p><a href=\"http:\/\/www.virumaapuhastus.ee\/wp-content\/uploads\/2010\/11\/color_grupp.jpg\"><img decoding=\"async\" loading=\"lazy\" class=\"alignleft size-medium wp-image-290\" title=\"color_grupp\" src=\"http:\/\/www.virumaapuhastus.ee\/wp-content\/uploads\/2010\/11\/color_grupp-300x204.jpg\" alt=\"color_grupp\" width=\"300\" height=\"204\" srcset=\"http:\/\/www.virumaapuhastus.ee\/wp-content\/uploads\/2010\/11\/color_grupp-300x204.jpg 300w, http:\/\/www.virumaapuhastus.ee\/wp-content\/uploads\/2010\/11\/color_grupp-1024x697.jpg 1024w, http:\/\/www.virumaapuhastus.ee\/wp-content\/uploads\/2010\/11\/color_grupp.jpg 1054w\" sizes=\"(max-width: 300px) 100vw, 300px\" \/><\/a><\/p>\n<p>Ventilatsioonis\u00fcsteemide puhastust viiakse l\u00e4bi spetsiaalsete seadmete (harjasmasin, alar\u00f5hutekitaja jne) ning t\u00f6\u00f6v\u00f5tete abil. Enne ja peale puhastust toimub ventilatsioonikanalite video- v\u00f5i fotouuring, et tuvastada probleemid ning hiljem n\u00e4ha puhastust\u00f6\u00f6de tulemust. Teostame t\u00f6id nii loomuliku- kui ka sundventilatsiooniga hoonetes.<\/p>\n<p><strong> <\/strong><\/p>\n<p><strong> <\/strong><\/p>\n<p><strong> <\/strong><\/p>\n<p><strong>Puhastamata ja hooldamata ventilatsioonidega kaasnevad probleemid:<\/strong><\/p>\n<ul>\n<li><strong>Tulekahju      tekkimine:<\/strong> \u00f5hukanalitesse (torustikesse) kogunenud tolm ja muud      saastained kujutavad endast suurt ohtu tulekahju ajal. N\u00e4iteks tolm ja      rasv s\u00fcttivad silmapilkselt ja t\u00e4nu \u00f5huvoole v\u00f5ib levida tuli momentaalselt      kogu hoonesse.<\/li>\n<li><strong>Halb m\u00f5ju      tervisele:<\/strong> puhastamata ventilatsioonidesse kogunenud mustuses      eksisteerivad mikroorganismid, lestad, bakterid ja seened, mis v\u00f5ivad saada      erinevate haiguste p\u00f5hjustajateks ruumides viibivatele inimestele.<\/li>\n<li><strong>Ventilatsioonis\u00fcsteemide      ning agregaatide kiire amortiseerumine:<\/strong> mustus ning hooldamata      s\u00fcsteemid on tihti seadmete rikete p\u00f5hjusteks<\/li>\n<\/ul>\n<p>Meie koost\u00f6\u00f6partneriks on<\/p>\n<p>Aero Grupp O\u00dc<\/p>\n<p><span style=\"font-family: Calibri; font-size: x-small;\"><a href=\"http:\/\/www.aerogrupp.ee\/\">www.aerogrupp.ee<\/a><br \/>\n<\/span><\/p>\n","protected":false},"excerpt":{"rendered":"<p>Ventilatsioonis\u00fcsteemide puhastust viiakse l\u00e4bi spetsiaalsete seadmete (harjasmasin, alar\u00f5hutekitaja jne) ning t\u00f6\u00f6v\u00f5tete abil. Enne ja peale puhastust toimub ventilatsioonikanalite video- v\u00f5i fotouuring, et tuvastada probleemid ning hiljem n\u00e4ha puhastust\u00f6\u00f6de tulemust. Teostame t\u00f6id nii loomuliku- kui ka sundventilatsiooniga hoonetes. Puhastamata ja hooldamata ventilatsioonidega kaasnevad probleemid: Tulekahju tekkimine: \u00f5hukanalitesse (torustikesse) kogunenud tolm ja muud saastained kujutavad endast suurt [&hellip;]<\/p>\n","protected":false},"author":1,"featured_media":0,"parent":12,"menu_order":0,"comment_status":"closed","ping_status":"open","template":"","meta":[],"_links":{"self":[{"href":"http:\/\/www.virumaapuhastus.ee\/index.php?rest_route=\/wp\/v2\/pages\/288"}],"collection":[{"href":"http:\/\/www.virumaapuhastus.ee\/index.php?rest_route=\/wp\/v2\/pages"}],"about":[{"href":"http:\/\/www.virumaapuhastus.ee\/index.php?rest_route=\/wp\/v2\/types\/page"}],"author":[{"embeddable":true,"href":"http:\/\/www.virumaapuhastus.ee\/index.php?rest_route=\/wp\/v2\/users\/1"}],"replies":[{"embeddable":true,"href":"http:\/\/www.virumaapuhastus.ee\/index.php?rest_route=%2Fwp%2Fv2%2Fcomments&post=288"}],"version-history":[{"count":12,"href":"http:\/\/www.virumaapuhastus.ee\/index.php?rest_route=\/wp\/v2\/pages\/288\/revisions"}],"predecessor-version":[{"id":291,"href":"http:\/\/www.virumaapuhastus.ee\/index.php?rest_route=\/wp\/v2\/pages\/288\/revisions\/291"}],"up":[{"embeddable":true,"href":"http:\/\/www.virumaapuhastus.ee\/index.php?rest_route=\/wp\/v2\/pages\/12"}],"wp:attachment":[{"href":"http:\/\/www.virumaapuhastus.ee\/index.php?rest_route=%2Fwp%2Fv2%2Fmedia&parent=288"}],"curies":[{"name":"wp","href":"https:\/\/api.w.org\/{rel}","templated":true}]}}