{"id":12,"date":"2009-10-22T18:05:59","date_gmt":"2009-10-22T15:05:59","guid":{"rendered":"http:\/\/virumaapuhastus.sussik.dyndns.org\/?page_id=12"},"modified":"2019-03-02T14:12:39","modified_gmt":"2019-03-02T11:12:39","slug":"eritood","status":"publish","type":"page","link":"http:\/\/www.virumaapuhastus.ee\/?page_id=12","title":{"rendered":"Erit\u00f6\u00f6d"},"content":{"rendered":"<p>&#8211;\u00a0\u00a0\u00a0\u00a0\u00a0\u00a0\u00a0\u00a0 K\u00f5vap\u00f5randate s\u00fcvapesu ja kaitsevahatamine<\/p>\n<p>&#8211;\u00a0\u00a0\u00a0\u00a0\u00a0\u00a0\u00a0\u00a0 Ehitus- ja remondij\u00e4rgne suurpuhastus<\/p>\n<p>&#8211;\u00a0\u00a0\u00a0\u00a0\u00a0\u00a0\u00a0\u00a0 Kivip\u00f5randate masinpesu<\/p>\n<p>&#8211;\u00a0\u00a0\u00a0\u00a0\u00a0\u00a0\u00a0\u00a0 Vaipade ja vaipkatete keemiline puhastus\u00a0 (sh. ka porivaibad)<\/p>\n<p>&#8211;\u00a0\u00a0\u00a0\u00a0\u00a0\u00a0\u00a0\u00a0 Akende ja klaaspindade pesu seest ja v\u00e4ljast<\/p>\n<p>&#8211;\u00a0\u00a0\u00a0\u00a0\u00a0\u00a0\u00a0\u00a0 Pehme m\u00f6\u00f6bli keemiline puhastus<\/p>\n<p>&#8211;\u00a0\u00a0\u00a0\u00a0\u00a0\u00a0\u00a0\u00a0 Kontoritoolide keemiline puhastus<\/p>\n<p>&#8211;\u00a0\u00a0\u00a0\u00a0\u00a0\u00a0\u00a0\u00a0 Fassaadi pesu, monumentide ja hauaplaatide puhastamine<\/p>\n<p>&#8211;\u00a0\u00a0\u00a0\u00a0\u00a0\u00a0\u00a0\u00a0 Vihmaveerennide puhastus<\/p>\n<p>&#8211;\u00a0\u00a0\u00a0\u00a0\u00a0\u00a0\u00a0\u00a0 Tootmishoonete suurpuhastus<\/p>\n<p>&#8211;\u00a0\u00a0\u00a0\u00a0\u00a0\u00a0\u00a0\u00a0 Lume koristus<\/p>\n<p>Teostame k\u00f5iki t\u00f6id, mis on seotud puhastusega.<\/p>\n<p>Kui <strong>Te<\/strong> ei leidnud sobivat teenust loetelust, siis palun p\u00f6\u00f6rduge meie poole ja leiame koos<strong> Teile sobivaima lahenduse. <\/strong><\/p>\n<p>K\u00fcsige julgelt pakkumist!<\/p>\n","protected":false},"excerpt":{"rendered":"<p>&#8211;\u00a0\u00a0\u00a0\u00a0\u00a0\u00a0\u00a0\u00a0 K\u00f5vap\u00f5randate s\u00fcvapesu ja kaitsevahatamine &#8211;\u00a0\u00a0\u00a0\u00a0\u00a0\u00a0\u00a0\u00a0 Ehitus- ja remondij\u00e4rgne suurpuhastus &#8211;\u00a0\u00a0\u00a0\u00a0\u00a0\u00a0\u00a0\u00a0 Kivip\u00f5randate masinpesu &#8211;\u00a0\u00a0\u00a0\u00a0\u00a0\u00a0\u00a0\u00a0 Vaipade ja vaipkatete keemiline puhastus\u00a0 (sh. ka porivaibad) &#8211;\u00a0\u00a0\u00a0\u00a0\u00a0\u00a0\u00a0\u00a0 Akende ja klaaspindade pesu seest ja v\u00e4ljast &#8211;\u00a0\u00a0\u00a0\u00a0\u00a0\u00a0\u00a0\u00a0 Pehme m\u00f6\u00f6bli keemiline puhastus &#8211;\u00a0\u00a0\u00a0\u00a0\u00a0\u00a0\u00a0\u00a0 Kontoritoolide keemiline puhastus &#8211;\u00a0\u00a0\u00a0\u00a0\u00a0\u00a0\u00a0\u00a0 Fassaadi pesu, monumentide ja hauaplaatide puhastamine &#8211;\u00a0\u00a0\u00a0\u00a0\u00a0\u00a0\u00a0\u00a0 Vihmaveerennide puhastus &#8211;\u00a0\u00a0\u00a0\u00a0\u00a0\u00a0\u00a0\u00a0 Tootmishoonete suurpuhastus &#8211;\u00a0\u00a0\u00a0\u00a0\u00a0\u00a0\u00a0\u00a0 Lume koristus [&hellip;]<\/p>\n","protected":false},"author":1,"featured_media":0,"parent":6,"menu_order":4,"comment_status":"closed","ping_status":"open","template":"","meta":[],"_links":{"self":[{"href":"http:\/\/www.virumaapuhastus.ee\/index.php?rest_route=\/wp\/v2\/pages\/12"}],"collection":[{"href":"http:\/\/www.virumaapuhastus.ee\/index.php?rest_route=\/wp\/v2\/pages"}],"about":[{"href":"http:\/\/www.virumaapuhastus.ee\/index.php?rest_route=\/wp\/v2\/types\/page"}],"author":[{"embeddable":true,"href":"http:\/\/www.virumaapuhastus.ee\/index.php?rest_route=\/wp\/v2\/users\/1"}],"replies":[{"embeddable":true,"href":"http:\/\/www.virumaapuhastus.ee\/index.php?rest_route=%2Fwp%2Fv2%2Fcomments&post=12"}],"version-history":[{"count":14,"href":"http:\/\/www.virumaapuhastus.ee\/index.php?rest_route=\/wp\/v2\/pages\/12\/revisions"}],"predecessor-version":[{"id":1223,"href":"http:\/\/www.virumaapuhastus.ee\/index.php?rest_route=\/wp\/v2\/pages\/12\/revisions\/1223"}],"up":[{"embeddable":true,"href":"http:\/\/www.virumaapuhastus.ee\/index.php?rest_route=\/wp\/v2\/pages\/6"}],"wp:attachment":[{"href":"http:\/\/www.virumaapuhastus.ee\/index.php?rest_route=%2Fwp%2Fv2%2Fmedia&parent=12"}],"curies":[{"name":"wp","href":"https:\/\/api.w.org\/{rel}","templated":true}]}}