{"id":1256,"date":"2019-12-30T13:51:46","date_gmt":"2019-12-30T10:51:46","guid":{"rendered":"http:\/\/www.virumaapuhastus.ee\/?page_id=1256"},"modified":"2021-01-05T12:13:57","modified_gmt":"2021-01-05T09:13:57","slug":"ettev%c3%b5tte","status":"publish","type":"page","link":"http:\/\/www.virumaapuhastus.ee\/?page_id=1256&amp;lang=ru","title":{"rendered":"\u0414\u0435\u044f\u0442\u0435\u043b\u044c\u043d\u043e\u0441\u0442\u044c"},"content":{"rendered":"\n<p>Osa\u00fching Virumaa Puhastus on asutatud 2006. aastal. Oleme keskendunud Virumaa ettev\u00f5tetele, organisatsioonidele ja eraisikutele, sest v\u00e4\u00e4rtustame Virumaad.<br>Meie tooteid, teenuseid ja tegemisi iseloomustavad k\u00f5ige paremini s\u00f5nad: PUHASTUS ja PUHTUS. Meie tegeleme puhastamisega ning aitame ka Teil  puhtust hoida. Oleme valinud hankijateks ja partneriteks oma ala asjatundjad. Meie \u00fclesanne on pakkuda parimat k\u00e4ttesaadavat puhastusteenust, kulumaterjale ja tarvikuid.<br>Pakutavad teenused ja tooted:<br>Pesumaja (sirgpesu pesemine, kuivatamine, triikimine, t\u00f6\u00f6r\u00f5ivaste pesemine jne)<br>Keemiline puhastus<br>Hoolduskoristus (p\u00fcsiteenus)<br>Puhastuse erit\u00f6\u00f6d (nt. akende pesu, ehituskoristus, p\u00f5randate s\u00fcvapesu, vahatamine)<br>Puhastusalane n\u00f5ustamine<br>Puhastusainete ja -tarvikute m\u00fc\u00fck<br>Koost\u00f6\u00f6s Kliendiga otsime lahendusi, mille puhul saavutada kvaliteetne tulemus minimaalsete kulutustega.<br>Alustades koost\u00f6\u00f6d osa\u00fchinguga Virumaa Puhastuse saate endale suurep\u00e4rase s\u00f5bra, kes hoolitseb selle eest, et Teie igap\u00e4evaelu oleks muretum ja mugavam, sest oleme kliendile orienteeritud ning paindlikud.<br>M\u00f5elge puhtalt \u2013 Teie Virumaa Puhastus <\/p>\n\n\n\n<p> <\/p>\n\n\n\n<p>\u00abVirumaa\nPuhastus\u00bb \u2013\u044d\u0442\u043e \u043f\u0440\u0435\u0434\u043f\u0440\u0438\u044f\u0442\u0438\u0435 \u0432 \u0441\u0444\u0435\u0440\u0435 \u0447\u0438\u0441\u0442\u043a\u0438\n\u0432 \u0412\u0438\u0440\u0443\u043c\u0430\u0430. \n<\/p>\n\n\n\n<p>\u041e\u043f\u044b\u0442\n\u0438 \u0437\u043d\u0430\u043d\u0438\u044f, \u043d\u0430\u043a\u043e\u043f\u043b\u0435\u043d\u043d\u044b\u0435 \u0437\u0430 \u0432\u0440\u0435\u043c\u044f \u043d\u0430\u0448\u0435\u0439\n\u0434\u0435\u044f\u0442\u0435\u043b\u044c\u043d\u043e\u0441\u0442\u0438, \u0441\u0443\u0449\u0435\u0441\u0442\u0432\u0443\u044e\u0442 \u0434\u043b\u044f \u0442\u043e\u0433\u043e, \u0447\u0442\u043e\u0431\u044b\n\u0434\u0435\u043b\u0438\u0442\u044c\u0441\u044f \u0438\u043c\u0438 \u0441 \u043a\u043b\u0438\u0435\u043d\u0442\u0430\u043c\u0438, \u0430 \u0442\u0430\u043a\u0436\u0435 \u0434\u043b\u044f\n\u0442\u043e\u0433\u043e, \u0447\u0442\u043e\u0431\u044b \u0432 \u0441\u043e\u0442\u0440\u0443\u0434\u043d\u0438\u0447\u0435\u0441\u0442\u0432\u0435 \u0434\u043e\u0441\u0442\u0438\u0447\u044c\n\u0440\u0435\u0437\u0443\u043b\u044c\u0442\u0430\u0442\u0430, \u0443\u0434\u043e\u0432\u043b\u0435\u0442\u0432\u043e\u0440\u044f\u044e\u0449\u0435\u0433\u043e \u043e\u0431\u0435\n\u0441\u0442\u043e\u0440\u043e\u043d\u044b.\u041c\u044b\n\u0440\u0430\u0434\u044b \u043f\u0440\u0435\u0434\u0441\u0442\u0430\u0432\u0438\u0442\u044c \u0412\u0430\u0448\u0435\u043c\u0443 \u0432\u043d\u0438\u043c\u0430\u043d\u0438\u044e \u0441\u043f\u0435\u043a\u0442\u0440\n\u043d\u0430\u0448\u0438\u0445 \u0443\u0441\u043b\u0443\u0433:<\/p>\n\n\n\n<p>\u25ba \u0425\u0438\u043c\u0447\u0438\u0441\u0442\u043a\u0430\n(\u043e\u0434\u0435\u0436\u0434\u044b, \u043a\u043e\u0436\u0438, \u043a\u043e\u0432\u0440\u043e\u0432, \u043c\u044f\u0433\u043a\u043e\u0439 \u043c\u0435\u0431\u0435\u043b\u0438),\n\u043f\u0440\u0430\u0447\u0435\u0447\u043d\u0430\u044f<\/p>\n\n\n\n<p>\u25ba \u0410\u0440\u0435\u043d\u0434\u0430\n\u043e\u0431\u043e\u0440\u0443\u0434\u043e\u0432\u0430\u043d\u0438\u044f \u0438 \u043f\u0440\u0438\u0441\u043f\u043e\u0441\u043e\u0431\u043b\u0435\u043d\u0438\u0439 \u0434\u043b\u044f\n\u0447\u0438\u0441\u0442\u043a\u0438<\/p>\n\n\n\n<p>\u25ba \u0423\u0431\u043e\u0440\u043e\u0447\u043d\u044b\u0435\n\u0440\u0430\u0431\u043e\u0442\u044b (\u0432\u043d\u0443\u0442\u0440\u0435\u043d\u043d\u0438\u0435, \u043d\u0430\u0440\u0443\u0436\u043d\u0438\u0435, \u043f\u043e\u0441\u043b\u0435\n\u0441\u0442\u0440\u043e\u0438\u0442\u0435\u043b\u044c\u0441\u0442\u0432\u0430)<\/p>\n\n\n\n<p>\u25ba \u0421\u043f\u0435\u0446\u0438\u0430\u043b\u044c\u043d\u044b\u0435\n\u0440\u0430\u0431\u043e\u0442\u044b<\/p>\n\n\n\n<p>\u25cf  \u0447\u0438\u0441\u0442\u043a\u0430\n\u0438 \u0437\u0430\u0449\u0438\u0442\u043d\u043e\u0435 \u0432\u043e\u0449\u0435\u043d\u0438\u0435 \u0442\u0432\u0435\u0440\u0434\u044b\u0445 \u043f\u043e\u043b\u043e\u0432<\/p>\n\n\n\n<p>\u25cf \u043c\u044b\u0442\u044c\u0435\n\u043e\u043a\u043e\u043d<\/p>\n\n\n\n<p>\u25cf \u0433\u0435\u043d\u0435\u0440\u0430\u043b\u044c\u043d\u044b\u0435\n\u0443\u0431\u043e\u0440\u043a\u0438 \u043f\u0440\u043e\u0438\u0437\u0432\u043e\u0434\u0441\u0442\u0432\u0435\u043d\u043d\u044b\u0445 \u0437\u0434\u0430\u043d\u0438\u0439<\/p>\n\n\n\n<p>\u25cf \u0441\u0442\u0440\u0438\u0436\u043a\u0430\n\u043a\u0443\u0441\u0442\u043e\u0432, \u043f\u043e\u043a\u043e\u0441 \u0442\u0440\u0430\u0432\u044b<\/p>\n\n\n\n<p>\u25cf \u0443\u0441\u043b\u0443\u0433\u0438\n\u0434\u0432\u043e\u0440\u043d\u0438\u043a\u0430 \u0438 \u0442.\u0434.<\/p>\n\n\n\n<p>\u25ba \u041f\u0440\u043e\u0434\u0430\u0436\u0430\n\u0432\u0441\u0435\u0432\u043e\u0437\u043c\u043e\u0436\u043d\u044b\u0445 \u0441\u0440\u0435\u0434\u0441\u0442\u0432 \u0434\u043b\u044f \u0443\u0431\u043e\u0440\u043a\u0438 (\u0445\u0438\u043c\u0438\u044f\n\u0434\u043b\u044f \u0447\u0438\u0441\u0442\u043a\u0438, \u0440\u0430\u0437\u043b\u0438\u0447\u043d\u044b\u0435 \u0430\u043a\u0441\u0435\u0441\u0441\u0443\u0430\u0440\u044b)<\/p>\n\n\n\n<p>\u0412\u044b\u043f\u043e\u043b\u043d\u044f\u0435\u043c\n\u0432\u0441\u0435 \u0441\u0432\u044f\u0437\u0430\u043d\u043d\u044b\u0435 \u0441 \u0447\u0438\u0441\u0442\u043a\u043e\u0439 \u0440\u0430\u0431\u043e\u0442\u044b.<\/p>\n\n\n\n<p>\u041d\u0430\u0447\u0438\u043d\u0430\u044f\n\u0441\u043e\u0442\u0440\u0443\u0434\u043d\u0438\u0447\u0435\u0441\u0442\u0432\u043e \u0441 \u00abVirumaa Puhastus\u00bb, \u0412\u044b \u043d\u0430\u0439\u0434\u0435\u0442\u0435\n\u0434\u043b\u044f \u0441\u0435\u0431\u044f \u043f\u0440\u0435\u043a\u0440\u0430\u0441\u043d\u043e\u0433\u043e \u0434\u0440\u0443\u0433\u0430 \u0438 \u043a\u043e\u043b\u043b\u0435\u0433\u0443,\n\u043a\u043e\u0442\u043e\u0440\u044b\u0439 \u0431\u0443\u0434\u0435\u0442 \u0437\u0430\u0431\u043e\u0442\u0438\u0442\u044c\u0441\u044f \u043e \u0412\u0430\u0441 \u0438 \u0441\u0434\u0435\u043b\u0430\u0435\u0442\n\u0412\u0430\u0448\u0443 \u043f\u043e\u0432\u0441\u0435\u0434\u043d\u0435\u0432\u043d\u0443\u044e \u0436\u0438\u0437\u043d\u044c \u0431\u043e\u043b\u0435\u0435 \u0443\u0434\u043e\u0431\u043d\u043e\u0439.<\/p>\n","protected":false},"excerpt":{"rendered":"<p>Osa\u00fching Virumaa Puhastus on asutatud 2006. aastal. Oleme keskendunud Virumaa ettev\u00f5tetele, organisatsioonidele ja eraisikutele, sest v\u00e4\u00e4rtustame Virumaad.Meie tooteid, teenuseid ja tegemisi iseloomustavad k\u00f5ige paremini s\u00f5nad: PUHASTUS ja PUHTUS. Meie tegeleme puhastamisega ning aitame ka Teil puhtust hoida. Oleme valinud hankijateks ja partneriteks oma ala asjatundjad. Meie \u00fclesanne on pakkuda parimat k\u00e4ttesaadavat puhastusteenust, kulumaterjale ja tarvikuid.Pakutavad [&hellip;]<\/p>\n","protected":false},"author":1,"featured_media":0,"parent":0,"menu_order":0,"comment_status":"closed","ping_status":"closed","template":"","meta":[],"_links":{"self":[{"href":"http:\/\/www.virumaapuhastus.ee\/index.php?rest_route=\/wp\/v2\/pages\/1256"}],"collection":[{"href":"http:\/\/www.virumaapuhastus.ee\/index.php?rest_route=\/wp\/v2\/pages"}],"about":[{"href":"http:\/\/www.virumaapuhastus.ee\/index.php?rest_route=\/wp\/v2\/types\/page"}],"author":[{"embeddable":true,"href":"http:\/\/www.virumaapuhastus.ee\/index.php?rest_route=\/wp\/v2\/users\/1"}],"replies":[{"embeddable":true,"href":"http:\/\/www.virumaapuhastus.ee\/index.php?rest_route=%2Fwp%2Fv2%2Fcomments&post=1256"}],"version-history":[{"count":5,"href":"http:\/\/www.virumaapuhastus.ee\/index.php?rest_route=\/wp\/v2\/pages\/1256\/revisions"}],"predecessor-version":[{"id":1305,"href":"http:\/\/www.virumaapuhastus.ee\/index.php?rest_route=\/wp\/v2\/pages\/1256\/revisions\/1305"}],"wp:attachment":[{"href":"http:\/\/www.virumaapuhastus.ee\/index.php?rest_route=%2Fwp%2Fv2%2Fmedia&parent=1256"}],"curies":[{"name":"wp","href":"https:\/\/api.w.org\/{rel}","templated":true}]}}