{"id":1012,"date":"2016-01-26T17:58:52","date_gmt":"2016-01-26T14:58:52","guid":{"rendered":"http:\/\/www.virumaapuhastus.ee\/?page_id=1012"},"modified":"2022-12-17T13:15:02","modified_gmt":"2022-12-17T10:15:02","slug":"hinnakiri","status":"publish","type":"page","link":"http:\/\/www.virumaapuhastus.ee\/?page_id=1012&amp;lang=ru","title":{"rendered":"\u0426\u0435\u043d\u043e\u0432\u043e\u0435 \u043f\u0440\u0435\u0434\u043b\u043e\u0436\u0435\u043d\u0438\u0435"},"content":{"rendered":"\n<figure class=\"wp-block-table\"><table><tbody><tr><td> HINNAKIRI<\/td><td><\/td><td><\/td><\/tr><tr><td><\/td><td><\/td><td><\/td><\/tr><tr><td><\/td><td><\/td><td><\/td><\/tr><tr><td><\/td><td><\/td><td><\/td><\/tr><tr><td>&nbsp;KEEMILINE PUHASTUS (\u0425\u0418\u041c\u0427\u0418\u0421\u0422\u041a\u0410)&nbsp;&nbsp;<\/td><td>\u00dchik<\/td><td>EUR<\/td><\/tr><tr><td>P\u00fcksid (\u0431\u0440\u044e\u043a\u0438)<\/td><td>tk<\/td><td>7,50<\/td><\/tr><tr><td>Vateeritud p\u00fcksid (\u0443\u0442\u0435\u043f\u043b\u0435\u043d\u043d\u044b\u0435 \u0431\u0440\u044e\u043a\u0438)<\/td><td>tk<\/td><td>9,00<\/td><\/tr><tr><td>L\u00fchikesed p\u00fcksid (\u0448\u043e\u0440\u0442\u044b)<\/td><td>tk<\/td><td>6,00<\/td><\/tr><tr><td>Pintsak, jakk (\u043f\u0438\u0434\u0436\u0430\u043a, \u0436\u0430\u043a\u0435\u0442)<\/td><td>tk<\/td><td>8,50<\/td><\/tr><tr><td>Pluus, p\u00e4evas\u00e4rk, vest (\u0431\u043b\u0443\u0437\u043a\u0430, \u0440\u0443\u0431\u0430\u0448\u043a\u0430, \u0436\u0438\u043b\u0435\u0442)<\/td><td>tk<\/td><td>4,00<\/td><\/tr><tr><td>Keeruline pluus (\u043a\u043e\u043c\u0431\u0438\u043d\u0438\u0440\u043e\u0432\u0430\u043d\u043d\u0430\u044f \u0431\u043b\u0443\u0437\u043a\u0430)<\/td><td>tk<\/td><td>7,00<\/td><\/tr><tr><td>Sviiter, d\u017eemper, pusa (\u0441\u0432\u0438\u0442\u0435\u0440, \u0434\u0436\u0435\u043c\u043f\u0435\u0440)<\/td><td>tk<\/td><td>6,00<\/td><\/tr><tr><td>Lihtne kleit (\u043f\u0440\u043e\u0441\u0442\u043e\u0435 \u043f\u043b\u0430\u0442\u044c\u0435)<\/td><td>tk<\/td><td>10,00<\/td><\/tr><tr><td>Siidikleit (\u0448\u0451\u043b\u043a\u043e\u0432\u043e\u0435 \u043f\u043b\u0430\u0442\u044c\u0435)<\/td><td>tk<\/td><td>11,00<\/td><\/tr><tr><td>\u00d5htukleit (\u0432\u0435\u0447\u0435\u0440\u043d\u0435\u0435 \u043f\u043b\u0430\u0442\u044c\u0435)<\/td><td>tk<\/td><td>22,00<\/td><\/tr><tr><td>Pruutkleit (\u0441\u0432\u0430\u0434\u0435\u0431\u043d\u043e\u0435 \u043f\u043b\u0430\u0442\u044c\u0435)<\/td><td>tk<\/td><td>32,00<\/td><\/tr><tr><td>Lihtne seelik (\u043f\u0440\u043e\u0441\u0442\u0430\u044f \u044e\u0431\u043a\u0430)<\/td><td>tk<\/td><td>6,00<\/td><\/tr><tr><td>Plisseerseelik (\u043f\u043b\u0438\u0441\u0441\u0438\u0440\u043e\u0432\u0430\u043d\u043d\u0430\u044f \u044e\u0431\u043a\u0430)<\/td><td>tk<\/td><td>8,00<\/td><\/tr><tr><td>Rahvariide plisseerseelik (\u043f\u043b\u0438\u0441\u0441\u0438\u0440\u043e\u0432\u0430\u043d\u043d\u0430\u044f \u044e\u0431\u043a\u0430 \u043d\u0430\u0440\u043e\u0434\u043d\u043e\u0433\u043e \u043a\u043e\u0441\u0442\u044e\u043c\u0430)<\/td><td>tk<\/td><td>13,00<\/td><\/tr><tr><td>Rahvariide seelik (\u044e\u0431\u043a\u0430 \u043d\u0430\u0440\u043e\u0434\u043d\u043e\u0433\u043e \u043a\u043e\u0441\u0442\u044e\u043c\u0430)<\/td><td>tk<\/td><td>12,00<\/td><\/tr><tr><td>Rahvariide k\u00e4ised (\u0440\u0443\u043a\u0430\u0432\u0430 \u043d\u0430\u0440\u043e\u0434\u043d\u043e\u0433\u043e \u043a\u043e\u0441\u0442\u044e\u043c\u0430)<\/td><td>tk<\/td><td>7,00<\/td><\/tr><tr><td>Tuulepluus, dressipluus (\u0432\u0435\u0442\u0440\u043e\u0432\u043a\u0430, \u0441\u043f\u043e\u0440\u0442\u0438\u0432\u043d\u0430\u044f \u043a\u043e\u0444\u0442\u0430)<\/td><td>tk<\/td><td>7,00<\/td><\/tr><tr><td>Kombinesoon (\u043a\u043e\u043c\u0431\u0438\u043d\u0435\u0437\u043e\u043d)<\/td><td>tk<\/td><td>14,00<\/td><\/tr><tr><td>L\u00fchike jope, sulevest (\u043a\u043e\u0440\u043e\u0442\u043a\u0430\u044f \u043a\u0443\u0440\u0442\u043a\u0430, \u043f\u0443\u0445\u043e\u0432\u0430\u044f \u0436\u0438\u043b\u0435\u0442\u043a\u0430)<\/td><td>tk<\/td><td>12,00<\/td><\/tr><tr><td>Pikk jope, suvemantel (\u0443\u0434\u043b\u0438\u043d\u0451\u043d\u043d\u0430\u044f \u043a\u0443\u0440\u0442\u043a\u0430, \u043f\u043b\u0430\u0449)<\/td><td>tk<\/td><td>13,00<\/td><\/tr><tr><td>Sulejope (\u043f\u0443\u0445\u043e\u0432\u0438\u043a)<\/td><td>tk<\/td><td>15,00<\/td><\/tr><tr><td>Sulemantel (\u043f\u0443\u0445\u043e\u0432\u043e\u0435 \u043f\u0430\u043b\u044c\u0442\u043e)<\/td><td>tk<\/td><td>17,00<\/td><\/tr><tr><td>Villane mantel (\u0448\u0435\u0440\u0441\u0442\u044f\u043d\u043e\u0435 \u043f\u0430\u043b\u044c\u0442\u043e)<\/td><td>tk<\/td><td>20,00<\/td><\/tr><tr><td>Poolmantel, villane jakk (\u043f\u043e\u043b\u0443\u043f\u0430\u043b\u044c\u0442\u043e, \u0448\u0435\u0440\u0441\u0442\u044f\u043d\u043e\u0439 \u0436\u0430\u043a\u0435\u0442)<\/td><td>tk<\/td><td>17,00<\/td><\/tr><tr><td>Lips, sall, m\u00fcts (\u0433\u0430\u043b\u0441\u0442\u0443\u043a, \u0448\u0430\u0440\u0444, \u0448\u0430\u043f\u043a\u0430)<\/td><td>tk<\/td><td>5,00<\/td><\/tr><tr><td>&nbsp;<\/td><td>&nbsp;<\/td><td>&nbsp;<\/td><\/tr><tr><td><\/td><td>&nbsp;<\/td><td>&nbsp;<\/td><\/tr><tr><td>PESUTEENUSED (\u0421\u0422\u0418\u0420\u041a\u0410)<\/td><td>\u00dchik<\/td><td>EUR<\/td><\/tr><tr><td>Voodipesu pesemine,&nbsp; triikimine (\u043f\u043e\u0441\u0442\u0435\u043b\u044c\u043d\u043e\u0435 \u0431\u0435\u043b\u044c\u0435 \u0441 \u0433\u043b\u0430\u0436\u043a\u043e\u0439)<\/td><td>kg<\/td><td>4,50<\/td><\/tr><tr><td>\u00dcldpesu (\u043e\u0431\u0449\u0430\u044f \u0441\u0442\u0438\u0440\u043a\u0430 \u0431\u0435\u0437 \u0433\u043b\u0430\u0436\u043a\u0438)<\/td><td>kg<\/td><td>4,00<\/td><\/tr><tr><td>T\u00f6\u00f6riided (\u0440\u0430\u0431\u043e\u0447\u0430\u044f \u043e\u0434\u0435\u0436\u0434\u0430)<\/td><td>kg<\/td><td>4,50<\/td><\/tr><tr><td>Kaltsuvaip (\u0442\u043a\u0430\u043d\u043d\u044b\u0439 \u043f\u043e\u043b\u043e\u0432\u0438\u043a)<\/td><td>kg<\/td><td>4,00<\/td><\/tr><tr><td>Padi (\u043f\u043e\u0434\u0443\u0448\u043a\u0430 \u0434\u043e 50&#215;60 \u0441\u043c)<\/td><td>tk<\/td><td>8,00<\/td><\/tr><tr><td>Sulepadi (\u043f\u0443\u0445\u043e\u0432\u0430\u044f \u043f\u043e\u0434\u0443\u0448\u043a\u0430 \u0434\u043e 50\u044560 \u0441\u043c)<\/td><td>tk<\/td><td>13,00<\/td><\/tr><tr><td>Suletekk (kuni 2&#215;1,6 m) (\u043f\u0443\u0445\u043e\u0432\u043e\u0435 \u043e\u0434\u0435\u044f\u043b\u043e)<\/td><td>tk<\/td><td>19,00<\/td><\/tr><tr><td>Villane tekk (kuni 2&#215;1,6 m) (\u0448\u0435\u0440\u0441\u0442\u044f\u043d\u043e\u0435 \u043e\u0434\u0435\u044f\u043b\u043e)<\/td><td>tk<\/td><td>17,00<\/td><\/tr><tr><td>Vatiinitekk (kuni 2&#215;1,6 m) (\u0432\u0430\u0442\u0438\u043d\u043e\u0432\u043e\u0435, \u0441\u0438\u043d\u0442\u0435\u043f\u043e\u043d\u043e\u0432\u043e\u0435 \u043e\u0434\u0435\u044f\u043b\u043e)<\/td><td>tk<\/td><td>15,00<\/td><\/tr><tr><td>Madratsikate (\u043d\u0430\u043c\u0430\u0442\u0440\u0430\u0441\u043d\u0438\u043a)<\/td><td>tk<\/td><td>16,00<\/td><\/tr><tr><td>Diivanikate (\u043f\u043e\u043a\u0440\u044b\u0432\u0430\u043b\u043e \u043d\u0430&nbsp; \u0434\u0438\u0432\u0430\u043d \u0434\u043e 2&#215;2 \u043c)<\/td><td>tk<\/td><td>13,00<\/td><\/tr><tr><td>Kardinad (\u0433\u0430\u0440\u0434\u0438\u043d\u044b)<\/td><td>kg<\/td><td>8,00<\/td><\/tr><tr><td>T\u00fcllkardinad&nbsp;<\/td><td>kg<\/td><td>12,00<\/td><\/tr><tr><td>Miinimumarve pesuteenusele<\/td><td>&nbsp;<\/td><td>5,00<\/td><\/tr><tr><td>&nbsp;<\/td><td>&nbsp;<\/td><td>&nbsp;<\/td><\/tr><tr><td>VAIPADE PUHASTUS (\u0427\u0418\u0421\u0422\u041a\u0410 \u041a\u041e\u0412\u0420\u041e\u0412)<\/td><td>\u00dchik<\/td><td>EUR<\/td><\/tr><tr><td>Kerge ja madal (\u0441\u0438\u043d\u0442\u0435\u0442\u0438\u0447\u0435\u0441\u043a\u0438\u0439 \u043a\u043e\u0432\u0451\u0440 \u0441 \u043d\u0438\u0437\u043a\u0438\u043c \u0432\u043e\u0440\u0441\u043e\u043c)<\/td><td>m<sup>2<\/sup><\/td><td>7,50<\/td><\/tr><tr><td>Viltp\u00f5hjaga vaip (\u043a\u043e\u0432\u0451\u0440 \u043d\u0430 \u0432\u043e\u0439\u043b\u043e\u0447\u043d\u043e\u0439 \u043e\u0441\u043d\u043e\u0432\u0435)<\/td><td>m<sup>2<\/sup><\/td><td>8,50<\/td><\/tr><tr><td>Paks villane vaip, liimitud p\u00f5hjaga, k\u00e4sit\u00f6\u00f6vaip (\u0442\u043e\u043b\u0441\u0442\u044b\u0439 \u0448\u0435\u0440\u0441\u0442\u044f\u043d\u043e\u0439 \u043a\u043e\u0432\u0451\u0440 \u043d\u0430 \u043a\u043b\u0435\u0435\u043d\u043e\u0439 \u043e\u0441\u043d\u043e\u0432\u0435, \u043a\u043e\u0432\u0451\u0440 \u0440\u0443\u0447\u043d\u043e\u0439 \u0440\u0430\u0431\u043e\u0442\u044b)<\/td><td>m<sup>2<\/sup><\/td><td>9,50<\/td><\/tr><tr><td><\/td><td><\/td><td><\/td><\/tr><tr><td>Lasteriided kuni 140cm -30% hinnakirja hinnast (\u0434\u0435\u0442\u0441\u043a\u0430\u044f \u043e\u0434\u0435\u0436\u0434\u0430 \u0434\u043e 140 \u0441\u043c \u2014 30% \u043e\u0442 \u0446\u0435\u043d\u044b)<\/td><td><\/td><td><\/td><\/tr><tr><td>\u00dclem\u00f5\u00f5dulised esemed + 30% lisatasu (\u043e\u0434\u0435\u0436\u0434\u0430 \u0441\u0432\u0435\u0440\u0445\u0431\u043e\u043b\u044c\u0448\u0438\u0445 \u0440\u0430\u0437\u043c\u0435\u0440\u043e\u0432 +&nbsp; 30% \u043e\u0442 \u0446\u0435\u043d\u044b)<\/td><td><\/td><td><\/td><\/tr><tr><td><\/td><td><\/td><td><\/td><\/tr><tr><td>Hinnad sisaldavad k\u00e4ibemaksu 20%<\/td><td><\/td><td><\/td><\/tr><\/tbody><\/table><\/figure>\n","protected":false},"excerpt":{"rendered":"<p>HINNAKIRI &nbsp;KEEMILINE PUHASTUS (\u0425\u0418\u041c\u0427\u0418\u0421\u0422\u041a\u0410)&nbsp;&nbsp; \u00dchik EUR P\u00fcksid (\u0431\u0440\u044e\u043a\u0438) tk 7,50 Vateeritud p\u00fcksid (\u0443\u0442\u0435\u043f\u043b\u0435\u043d\u043d\u044b\u0435 \u0431\u0440\u044e\u043a\u0438) tk 9,00 L\u00fchikesed p\u00fcksid (\u0448\u043e\u0440\u0442\u044b) tk 6,00 Pintsak, jakk (\u043f\u0438\u0434\u0436\u0430\u043a, \u0436\u0430\u043a\u0435\u0442) tk 8,50 Pluus, p\u00e4evas\u00e4rk, vest (\u0431\u043b\u0443\u0437\u043a\u0430, \u0440\u0443\u0431\u0430\u0448\u043a\u0430, \u0436\u0438\u043b\u0435\u0442) tk 4,00 Keeruline pluus (\u043a\u043e\u043c\u0431\u0438\u043d\u0438\u0440\u043e\u0432\u0430\u043d\u043d\u0430\u044f \u0431\u043b\u0443\u0437\u043a\u0430) tk 7,00 Sviiter, d\u017eemper, pusa (\u0441\u0432\u0438\u0442\u0435\u0440, \u0434\u0436\u0435\u043c\u043f\u0435\u0440) tk 6,00 Lihtne kleit (\u043f\u0440\u043e\u0441\u0442\u043e\u0435 \u043f\u043b\u0430\u0442\u044c\u0435) tk 10,00 Siidikleit [&hellip;]<\/p>\n","protected":false},"author":1,"featured_media":0,"parent":973,"menu_order":1,"comment_status":"closed","ping_status":"open","template":"","meta":[],"_links":{"self":[{"href":"http:\/\/www.virumaapuhastus.ee\/index.php?rest_route=\/wp\/v2\/pages\/1012"}],"collection":[{"href":"http:\/\/www.virumaapuhastus.ee\/index.php?rest_route=\/wp\/v2\/pages"}],"about":[{"href":"http:\/\/www.virumaapuhastus.ee\/index.php?rest_route=\/wp\/v2\/types\/page"}],"author":[{"embeddable":true,"href":"http:\/\/www.virumaapuhastus.ee\/index.php?rest_route=\/wp\/v2\/users\/1"}],"replies":[{"embeddable":true,"href":"http:\/\/www.virumaapuhastus.ee\/index.php?rest_route=%2Fwp%2Fv2%2Fcomments&post=1012"}],"version-history":[{"count":8,"href":"http:\/\/www.virumaapuhastus.ee\/index.php?rest_route=\/wp\/v2\/pages\/1012\/revisions"}],"predecessor-version":[{"id":1330,"href":"http:\/\/www.virumaapuhastus.ee\/index.php?rest_route=\/wp\/v2\/pages\/1012\/revisions\/1330"}],"up":[{"embeddable":true,"href":"http:\/\/www.virumaapuhastus.ee\/index.php?rest_route=\/wp\/v2\/pages\/973"}],"wp:attachment":[{"href":"http:\/\/www.virumaapuhastus.ee\/index.php?rest_route=%2Fwp%2Fv2%2Fmedia&parent=1012"}],"curies":[{"name":"wp","href":"https:\/\/api.w.org\/{rel}","templated":true}]}}